{"id":2,"date":"2023-07-31T13:58:00","date_gmt":"2023-07-31T13:58:00","guid":{"rendered":"https:\/\/frangipanicafe.com.br\/?page_id=2"},"modified":"2023-08-02T18:36:26","modified_gmt":"2023-08-02T18:36:26","slug":"sample-page","status":"publish","type":"page","link":"https:\/\/frangipanicafe.com.br\/index.php\/sample-page\/","title":{"rendered":"A Frangipani Caf\u00e9"},"content":{"rendered":"\n<p class=\"has-text-align-left\">Frangipani Caf\u00e9, uma cafeteria que tem como intuito trazer charme, beleza e requinte.<br>Onde o cliente ao frequentar ganha a experi\u00eancia de estar em outro ambiente, levado n\u00e3o<br>apenas pelo visual mas pelas texturas e sabores do card\u00e1pio que possui os mais variados produtos como cappuccinos, crepes e sandu\u00edches saborosos com sofistica\u00e7\u00e3o.<\/p>\n","protected":false},"excerpt":{"rendered":"<p>Frangipani Caf\u00e9, uma cafeteria que tem como intuito trazer charme, beleza e requinte.Onde o cliente ao frequentar ganha a experi\u00eancia de estar em outro ambiente, levado n\u00e3oapenas pelo visual mas pelas texturas e sabores do card\u00e1pio que possui os mais variados produtos como cappuccinos, crepes e sandu\u00edches saborosos com sofistica\u00e7\u00e3o.<\/p>\n","protected":false},"author":1,"featured_media":0,"parent":0,"menu_order":0,"comment_status":"closed","ping_status":"open","template":"","meta":{"footnotes":""},"class_list":["post-2","page","type-page","status-publish","hentry"],"_links":{"self":[{"href":"https:\/\/frangipanicafe.com.br\/index.php\/wp-json\/wp\/v2\/pages\/2","targetHints":{"allow":["GET"]}}],"collection":[{"href":"https:\/\/frangipanicafe.com.br\/index.php\/wp-json\/wp\/v2\/pages"}],"about":[{"href":"https:\/\/frangipanicafe.com.br\/index.php\/wp-json\/wp\/v2\/types\/page"}],"author":[{"embeddable":true,"href":"https:\/\/frangipanicafe.com.br\/index.php\/wp-json\/wp\/v2\/users\/1"}],"replies":[{"embeddable":true,"href":"https:\/\/frangipanicafe.com.br\/index.php\/wp-json\/wp\/v2\/comments?post=2"}],"version-history":[{"count":3,"href":"https:\/\/frangipanicafe.com.br\/index.php\/wp-json\/wp\/v2\/pages\/2\/revisions"}],"predecessor-version":[{"id":33,"href":"https:\/\/frangipanicafe.com.br\/index.php\/wp-json\/wp\/v2\/pages\/2\/revisions\/33"}],"wp:attachment":[{"href":"https:\/\/frangipanicafe.com.br\/index.php\/wp-json\/wp\/v2\/media?parent=2"}],"curies":[{"name":"wp","href":"https:\/\/api.w.org\/{rel}","templated":true}]}}